{"id":115,"date":"2022-04-14T10:56:22","date_gmt":"2022-04-14T08:56:22","guid":{"rendered":"https:\/\/re-material.de\/?page_id=115"},"modified":"2022-07-19T15:06:57","modified_gmt":"2022-07-19T13:06:57","slug":"das-sind-wir","status":"publish","type":"page","link":"https:\/\/re-material.de\/?page_id=115","title":{"rendered":"Das sind wir"},"content":{"rendered":"\t\t<div data-elementor-type=\"wp-page\" data-elementor-id=\"115\" class=\"elementor elementor-115\">\n\t\t\t\t\t\t<section class=\"elementor-section elementor-top-section elementor-element elementor-element-756fda7 elementor-section-boxed elementor-section-height-default elementor-section-height-default\" data-id=\"756fda7\" data-element_type=\"section\" data-e-type=\"section\">\n\t\t\t\t\t\t<div class=\"elementor-container elementor-column-gap-default\">\n\t\t\t\t\t<div class=\"elementor-column elementor-col-100 elementor-top-column elementor-element elementor-element-8106966\" data-id=\"8106966\" data-element_type=\"column\" data-e-type=\"column\">\n\t\t\t<div class=\"elementor-widget-wrap elementor-element-populated\">\n\t\t\t\t\t\t<section class=\"elementor-section elementor-inner-section elementor-element elementor-element-32aa1b0 elementor-section-boxed elementor-section-height-default elementor-section-height-default\" data-id=\"32aa1b0\" data-element_type=\"section\" data-e-type=\"section\">\n\t\t\t\t\t\t<div class=\"elementor-container elementor-column-gap-default\">\n\t\t\t\t\t<div class=\"elementor-column elementor-col-50 elementor-inner-column elementor-element elementor-element-049e5a7\" data-id=\"049e5a7\" data-element_type=\"column\" data-e-type=\"column\">\n\t\t\t<div class=\"elementor-widget-wrap elementor-element-populated\">\n\t\t\t\t\t\t<div class=\"elementor-element elementor-element-bb0da29 elementor-widget__width-inherit elementor-widget elementor-widget-image\" data-id=\"bb0da29\" data-element_type=\"widget\" data-e-type=\"widget\" data-widget_type=\"image.default\">\n\t\t\t\t<div class=\"elementor-widget-container\">\n\t\t\t\t\t\t\t\t\t\t\t\t\t\t\t<img fetchpriority=\"high\" decoding=\"async\" width=\"1024\" height=\"683\" src=\"https:\/\/re-material.de\/wp-content\/uploads\/2022\/04\/Gruppenbild-2_3-1024x683.jpg\" class=\"attachment-large size-large wp-image-118\" alt=\"\" srcset=\"https:\/\/re-material.de\/wp-content\/uploads\/2022\/04\/Gruppenbild-2_3-1024x683.jpg 1024w, https:\/\/re-material.de\/wp-content\/uploads\/2022\/04\/Gruppenbild-2_3-300x200.jpg 300w, https:\/\/re-material.de\/wp-content\/uploads\/2022\/04\/Gruppenbild-2_3-768x512.jpg 768w, https:\/\/re-material.de\/wp-content\/uploads\/2022\/04\/Gruppenbild-2_3-1536x1024.jpg 1536w, https:\/\/re-material.de\/wp-content\/uploads\/2022\/04\/Gruppenbild-2_3-2048x1365.jpg 2048w\" sizes=\"(max-width: 1024px) 100vw, 1024px\" \/>\t\t\t\t\t\t\t\t\t\t\t\t\t\t\t<\/div>\n\t\t\t\t<\/div>\n\t\t\t\t\t<\/div>\n\t\t<\/div>\n\t\t\t\t<div class=\"elementor-column elementor-col-50 elementor-inner-column elementor-element elementor-element-5080dcc\" data-id=\"5080dcc\" data-element_type=\"column\" data-e-type=\"column\">\n\t\t\t<div class=\"elementor-widget-wrap elementor-element-populated\">\n\t\t\t\t\t\t<div class=\"elementor-element elementor-element-913fbb6 elementor-widget elementor-widget-heading\" data-id=\"913fbb6\" data-element_type=\"widget\" data-e-type=\"widget\" data-widget_type=\"heading.default\">\n\t\t\t\t<div class=\"elementor-widget-container\">\n\t\t\t\t\t<h2 class=\"elementor-heading-title elementor-size-default\">Das sind wir...<\/h2>\t\t\t\t<\/div>\n\t\t\t\t<\/div>\n\t\t\t\t<div class=\"elementor-element elementor-element-981fcaa elementor-widget elementor-widget-text-editor\" data-id=\"981fcaa\" data-element_type=\"widget\" data-e-type=\"widget\" data-widget_type=\"text-editor.default\">\n\t\t\t\t<div class=\"elementor-widget-container\">\n\t\t\t\t\t\t\t\t\t<p>Das sind wir: Jule Immel, Louisa Br\u00fcssermann, Nina M\u00f6llering und Leon Falke &#8211; vier Studierende im Master Architektur an der Hochschule Bremen. Louisa, Leon und Nina studieren schon seit dem Bachelor zusammen in Bremen. Jule hat es nach einem Schlenker \u00fcber Wiesbaden f\u00fcr ihr Bachelor-Studium auch wieder in den hohen Norden verschlagen.\u00a0<\/p>\n<p>Langsam geht die Studienzeit leider vorbei, aber ein gemeinsames Projekt sollte noch stattfinden. Nach einer Weile Brainstorming haben wir schnell einen gemeinsamen Nenner gefunden und ein Thema, dass uns unter den N\u00e4geln brennt.\u00a0<\/p>\n<p><\/p>\n<p>Wir m\u00f6chten das lineare Denken beim Bauen hinterfragen und auf experimentelle Art und Weise die M\u00f6glichkeiten der Kreislaufwirtschaft in diesem Gebiet erforschen.<\/p>\t\t\t\t\t\t\t\t<\/div>\n\t\t\t\t<\/div>\n\t\t\t\t\t<\/div>\n\t\t<\/div>\n\t\t\t\t\t<\/div>\n\t\t<\/section>\n\t\t\t\t\t<\/div>\n\t\t<\/div>\n\t\t\t\t\t<\/div>\n\t\t<\/section>\n\t\t\t\t<section class=\"elementor-section elementor-top-section elementor-element elementor-element-6f3b801 elementor-section-boxed elementor-section-height-default elementor-section-height-default\" data-id=\"6f3b801\" data-element_type=\"section\" data-e-type=\"section\">\n\t\t\t\t\t\t<div class=\"elementor-container elementor-column-gap-default\">\n\t\t\t\t\t<div class=\"elementor-column elementor-col-66 elementor-top-column elementor-element elementor-element-529b141\" data-id=\"529b141\" data-element_type=\"column\" data-e-type=\"column\">\n\t\t\t<div class=\"elementor-widget-wrap elementor-element-populated\">\n\t\t\t\t\t\t<div class=\"elementor-element elementor-element-d0e6090 elementor-widget elementor-widget-heading\" data-id=\"d0e6090\" data-element_type=\"widget\" data-e-type=\"widget\" data-widget_type=\"heading.default\">\n\t\t\t\t<div class=\"elementor-widget-container\">\n\t\t\t\t\t<h2 class=\"elementor-heading-title elementor-size-default\">Jule<\/h2>\t\t\t\t<\/div>\n\t\t\t\t<\/div>\n\t\t\t\t<div class=\"elementor-element elementor-element-c21fe89 elementor-widget elementor-widget-text-editor\" data-id=\"c21fe89\" data-element_type=\"widget\" data-e-type=\"widget\" data-widget_type=\"text-editor.default\">\n\t\t\t\t<div class=\"elementor-widget-container\">\n\t\t\t\t\t\t\t\t\t<p>Was auch gebraucht wird, hat Jule es entweder zuhause, kennt jemanden oder hat sofort eine Idee woher oder wie man es bekommen kann. Kein Verzagen Jule Fragen!<\/p>\n<p>kl\u00e4rt professionell alles Organisatorische &#8211; koordiniert Hintergundporozesse &#8211; hat ihre St\u00e4rke im Aufbauen von Kontakten und \u00fcbernimmt die externe Kommunikation &#8211; Beh\u00e4lt den Blick f\u00fcrs Wesentliche &#8211; Hat alles schon mal gemacht &#8211; ist die mit dem Akkuschrauber in der Hand<\/p>\t\t\t\t\t\t\t\t<\/div>\n\t\t\t\t<\/div>\n\t\t\t\t\t<\/div>\n\t\t<\/div>\n\t\t\t\t<div class=\"elementor-column elementor-col-33 elementor-top-column elementor-element elementor-element-de2f5bc\" data-id=\"de2f5bc\" data-element_type=\"column\" data-e-type=\"column\">\n\t\t\t<div class=\"elementor-widget-wrap elementor-element-populated\">\n\t\t\t\t\t\t<div class=\"elementor-element elementor-element-1d5e5c8 elementor-widget elementor-widget-image\" data-id=\"1d5e5c8\" data-element_type=\"widget\" data-e-type=\"widget\" data-widget_type=\"image.default\">\n\t\t\t\t<div class=\"elementor-widget-container\">\n\t\t\t\t\t\t\t\t\t\t\t\t\t\t\t<img decoding=\"async\" width=\"1024\" height=\"576\" src=\"https:\/\/re-material.de\/wp-content\/uploads\/2022\/07\/Jule-1024x576.jpg\" class=\"attachment-large size-large wp-image-671\" alt=\"\" srcset=\"https:\/\/re-material.de\/wp-content\/uploads\/2022\/07\/Jule-1024x576.jpg 1024w, https:\/\/re-material.de\/wp-content\/uploads\/2022\/07\/Jule-300x169.jpg 300w, https:\/\/re-material.de\/wp-content\/uploads\/2022\/07\/Jule-768x432.jpg 768w, https:\/\/re-material.de\/wp-content\/uploads\/2022\/07\/Jule-1536x864.jpg 1536w, https:\/\/re-material.de\/wp-content\/uploads\/2022\/07\/Jule-2048x1152.jpg 2048w, https:\/\/re-material.de\/wp-content\/uploads\/2022\/07\/Jule-800x450.jpg 800w\" sizes=\"(max-width: 1024px) 100vw, 1024px\" \/>\t\t\t\t\t\t\t\t\t\t\t\t\t\t\t<\/div>\n\t\t\t\t<\/div>\n\t\t\t\t\t<\/div>\n\t\t<\/div>\n\t\t\t\t\t<\/div>\n\t\t<\/section>\n\t\t\t\t<section class=\"elementor-section elementor-top-section elementor-element elementor-element-ad28b7a elementor-section-boxed elementor-section-height-default elementor-section-height-default\" data-id=\"ad28b7a\" data-element_type=\"section\" data-e-type=\"section\">\n\t\t\t\t\t\t<div class=\"elementor-container elementor-column-gap-default\">\n\t\t\t\t\t<div class=\"elementor-column elementor-col-100 elementor-top-column elementor-element elementor-element-effbd8d\" data-id=\"effbd8d\" data-element_type=\"column\" data-e-type=\"column\">\n\t\t\t<div class=\"elementor-widget-wrap\">\n\t\t\t\t\t\t\t<\/div>\n\t\t<\/div>\n\t\t\t\t\t<\/div>\n\t\t<\/section>\n\t\t\t\t<section class=\"elementor-section elementor-top-section elementor-element elementor-element-b0cd2a4 elementor-section-boxed elementor-section-height-default elementor-section-height-default\" data-id=\"b0cd2a4\" data-element_type=\"section\" data-e-type=\"section\">\n\t\t\t\t\t\t<div class=\"elementor-container elementor-column-gap-default\">\n\t\t\t\t\t<div class=\"elementor-column elementor-col-33 elementor-top-column elementor-element elementor-element-83f7be1\" data-id=\"83f7be1\" data-element_type=\"column\" data-e-type=\"column\">\n\t\t\t<div class=\"elementor-widget-wrap elementor-element-populated\">\n\t\t\t\t\t\t<div class=\"elementor-element elementor-element-4f9434b elementor-widget elementor-widget-image\" data-id=\"4f9434b\" data-element_type=\"widget\" data-e-type=\"widget\" data-widget_type=\"image.default\">\n\t\t\t\t<div class=\"elementor-widget-container\">\n\t\t\t\t\t\t\t\t\t\t\t\t\t\t\t<img decoding=\"async\" width=\"1024\" height=\"576\" src=\"https:\/\/re-material.de\/wp-content\/uploads\/2022\/07\/Leon-1024x576.jpg\" class=\"attachment-large size-large wp-image-670\" alt=\"\" srcset=\"https:\/\/re-material.de\/wp-content\/uploads\/2022\/07\/Leon-1024x576.jpg 1024w, https:\/\/re-material.de\/wp-content\/uploads\/2022\/07\/Leon-300x169.jpg 300w, https:\/\/re-material.de\/wp-content\/uploads\/2022\/07\/Leon-768x432.jpg 768w, https:\/\/re-material.de\/wp-content\/uploads\/2022\/07\/Leon-1536x864.jpg 1536w, https:\/\/re-material.de\/wp-content\/uploads\/2022\/07\/Leon-2048x1152.jpg 2048w, https:\/\/re-material.de\/wp-content\/uploads\/2022\/07\/Leon-800x450.jpg 800w\" sizes=\"(max-width: 1024px) 100vw, 1024px\" \/>\t\t\t\t\t\t\t\t\t\t\t\t\t\t\t<\/div>\n\t\t\t\t<\/div>\n\t\t\t\t\t<\/div>\n\t\t<\/div>\n\t\t\t\t<div class=\"elementor-column elementor-col-66 elementor-top-column elementor-element elementor-element-a330092\" data-id=\"a330092\" data-element_type=\"column\" data-e-type=\"column\">\n\t\t\t<div class=\"elementor-widget-wrap elementor-element-populated\">\n\t\t\t\t\t\t<div class=\"elementor-element elementor-element-72ccf0b elementor-widget elementor-widget-heading\" data-id=\"72ccf0b\" data-element_type=\"widget\" data-e-type=\"widget\" data-widget_type=\"heading.default\">\n\t\t\t\t<div class=\"elementor-widget-container\">\n\t\t\t\t\t<h2 class=\"elementor-heading-title elementor-size-default\">Leon<\/h2>\t\t\t\t<\/div>\n\t\t\t\t<\/div>\n\t\t\t\t<div class=\"elementor-element elementor-element-b2219c8 elementor-widget elementor-widget-text-editor\" data-id=\"b2219c8\" data-element_type=\"widget\" data-e-type=\"widget\" data-widget_type=\"text-editor.default\">\n\t\t\t\t<div class=\"elementor-widget-container\">\n\t\t\t\t\t\t\t\t\t<p>Leon bewegt sich zwischen diesen Extremen. Wenn es darum geht Themen in kreative Konzepte zu \u00fcbersetzen, ist er sofort dabei und hat eine Idee. Und dann geht es sofort zur Sache. Einmal weggeschaut und schon hat er die \u00c4rmel hochgekrempelt und die Werkzeuge im Anschlag.<\/p>\n<p>Hat Starke Ideen und Visionen &#8211; hinterfragt alles &#8211; ist beim Pr\u00e4sentieren und Erkl\u00e4ren an vorderster Front &#8211; ist unser Baustein-Experte &#8211; ist \u00fcberall mit dabei<\/p>\t\t\t\t\t\t\t\t<\/div>\n\t\t\t\t<\/div>\n\t\t\t\t\t<\/div>\n\t\t<\/div>\n\t\t\t\t\t<\/div>\n\t\t<\/section>\n\t\t\t\t<section class=\"elementor-section elementor-top-section elementor-element elementor-element-e940103 elementor-section-boxed elementor-section-height-default elementor-section-height-default\" data-id=\"e940103\" data-element_type=\"section\" data-e-type=\"section\">\n\t\t\t\t\t\t<div class=\"elementor-container elementor-column-gap-default\">\n\t\t\t\t\t<div class=\"elementor-column elementor-col-100 elementor-top-column elementor-element elementor-element-f2d103e\" data-id=\"f2d103e\" data-element_type=\"column\" data-e-type=\"column\">\n\t\t\t<div class=\"elementor-widget-wrap\">\n\t\t\t\t\t\t\t<\/div>\n\t\t<\/div>\n\t\t\t\t\t<\/div>\n\t\t<\/section>\n\t\t\t\t<section class=\"elementor-section elementor-top-section elementor-element elementor-element-61628ec elementor-section-boxed elementor-section-height-default elementor-section-height-default\" data-id=\"61628ec\" data-element_type=\"section\" data-e-type=\"section\">\n\t\t\t\t\t\t<div class=\"elementor-container elementor-column-gap-default\">\n\t\t\t\t\t<div class=\"elementor-column elementor-col-100 elementor-top-column elementor-element elementor-element-0172e4a\" data-id=\"0172e4a\" data-element_type=\"column\" data-e-type=\"column\">\n\t\t\t<div class=\"elementor-widget-wrap\">\n\t\t\t\t\t\t\t<\/div>\n\t\t<\/div>\n\t\t\t\t\t<\/div>\n\t\t<\/section>\n\t\t\t\t<section class=\"elementor-section elementor-top-section elementor-element elementor-element-47ea8c3 elementor-section-boxed elementor-section-height-default elementor-section-height-default\" data-id=\"47ea8c3\" data-element_type=\"section\" data-e-type=\"section\">\n\t\t\t\t\t\t<div class=\"elementor-container elementor-column-gap-default\">\n\t\t\t\t\t<div class=\"elementor-column elementor-col-66 elementor-top-column elementor-element elementor-element-3b5cd12\" data-id=\"3b5cd12\" data-element_type=\"column\" data-e-type=\"column\">\n\t\t\t<div class=\"elementor-widget-wrap elementor-element-populated\">\n\t\t\t\t\t\t<div class=\"elementor-element elementor-element-32eabec elementor-widget elementor-widget-heading\" data-id=\"32eabec\" data-element_type=\"widget\" data-e-type=\"widget\" data-widget_type=\"heading.default\">\n\t\t\t\t<div class=\"elementor-widget-container\">\n\t\t\t\t\t<h2 class=\"elementor-heading-title elementor-size-default\">Louisa<\/h2>\t\t\t\t<\/div>\n\t\t\t\t<\/div>\n\t\t\t\t<div class=\"elementor-element elementor-element-e24e991 elementor-widget elementor-widget-text-editor\" data-id=\"e24e991\" data-element_type=\"widget\" data-e-type=\"widget\" data-widget_type=\"text-editor.default\">\n\t\t\t\t<div class=\"elementor-widget-container\">\n\t\t\t\t\t\t\t\t\t<p>Louisa ist meistens schon mindestens einen Schritt voraus. Bevor eine Aufgabe \u00fcberhaupt ansteht hat sie diese entweder bereits erledigt oder zumindest schon mal etwas vorbereitet.<\/p>\n<p>K\u00fcmmert sich um unsere Website &#8211; verfasst Blogeintr\u00e4ge &amp; f\u00fchrt das Tagebuch &#8211; bereitet die Info-Posts vor &#8211; ist unsere Expertin mit Hintergrundwissen &#8211; ist stets die erste auf der Leiter und an den Ger\u00e4ten<\/p>\t\t\t\t\t\t\t\t<\/div>\n\t\t\t\t<\/div>\n\t\t\t\t\t<\/div>\n\t\t<\/div>\n\t\t\t\t<div class=\"elementor-column elementor-col-33 elementor-top-column elementor-element elementor-element-5ff07a4\" data-id=\"5ff07a4\" data-element_type=\"column\" data-e-type=\"column\">\n\t\t\t<div class=\"elementor-widget-wrap elementor-element-populated\">\n\t\t\t\t\t\t<div class=\"elementor-element elementor-element-52142a9 elementor-widget elementor-widget-image\" data-id=\"52142a9\" data-element_type=\"widget\" data-e-type=\"widget\" data-widget_type=\"image.default\">\n\t\t\t\t<div class=\"elementor-widget-container\">\n\t\t\t\t\t\t\t\t\t\t\t\t\t\t\t<img loading=\"lazy\" decoding=\"async\" width=\"1024\" height=\"576\" src=\"https:\/\/re-material.de\/wp-content\/uploads\/2022\/07\/Louisa-1024x576.jpg\" class=\"attachment-large size-large wp-image-669\" alt=\"\" srcset=\"https:\/\/re-material.de\/wp-content\/uploads\/2022\/07\/Louisa-1024x576.jpg 1024w, https:\/\/re-material.de\/wp-content\/uploads\/2022\/07\/Louisa-300x169.jpg 300w, https:\/\/re-material.de\/wp-content\/uploads\/2022\/07\/Louisa-768x432.jpg 768w, https:\/\/re-material.de\/wp-content\/uploads\/2022\/07\/Louisa-1536x864.jpg 1536w, https:\/\/re-material.de\/wp-content\/uploads\/2022\/07\/Louisa-2048x1152.jpg 2048w, https:\/\/re-material.de\/wp-content\/uploads\/2022\/07\/Louisa-800x450.jpg 800w\" sizes=\"(max-width: 1024px) 100vw, 1024px\" \/>\t\t\t\t\t\t\t\t\t\t\t\t\t\t\t<\/div>\n\t\t\t\t<\/div>\n\t\t\t\t\t<\/div>\n\t\t<\/div>\n\t\t\t\t\t<\/div>\n\t\t<\/section>\n\t\t\t\t<section class=\"elementor-section elementor-top-section elementor-element elementor-element-aae63a2 elementor-section-boxed elementor-section-height-default elementor-section-height-default\" data-id=\"aae63a2\" data-element_type=\"section\" data-e-type=\"section\">\n\t\t\t\t\t\t<div class=\"elementor-container elementor-column-gap-default\">\n\t\t\t\t\t<div class=\"elementor-column elementor-col-33 elementor-top-column elementor-element elementor-element-dde87f2\" data-id=\"dde87f2\" data-element_type=\"column\" data-e-type=\"column\">\n\t\t\t<div class=\"elementor-widget-wrap elementor-element-populated\">\n\t\t\t\t\t\t<div class=\"elementor-element elementor-element-c896f7e elementor-widget elementor-widget-image\" data-id=\"c896f7e\" data-element_type=\"widget\" data-e-type=\"widget\" data-widget_type=\"image.default\">\n\t\t\t\t<div class=\"elementor-widget-container\">\n\t\t\t\t\t\t\t\t\t\t\t\t\t\t\t<img loading=\"lazy\" decoding=\"async\" width=\"1024\" height=\"1024\" src=\"https:\/\/re-material.de\/wp-content\/uploads\/2022\/07\/Nina-scaled-e1658235277450-1024x1024.jpg\" class=\"attachment-large size-large wp-image-668\" alt=\"\" srcset=\"https:\/\/re-material.de\/wp-content\/uploads\/2022\/07\/Nina-scaled-e1658235277450-1024x1024.jpg 1024w, https:\/\/re-material.de\/wp-content\/uploads\/2022\/07\/Nina-scaled-e1658235277450-300x300.jpg 300w, https:\/\/re-material.de\/wp-content\/uploads\/2022\/07\/Nina-scaled-e1658235277450-150x150.jpg 150w, https:\/\/re-material.de\/wp-content\/uploads\/2022\/07\/Nina-scaled-e1658235277450-768x768.jpg 768w, https:\/\/re-material.de\/wp-content\/uploads\/2022\/07\/Nina-scaled-e1658235277450-600x600.jpg 600w, https:\/\/re-material.de\/wp-content\/uploads\/2022\/07\/Nina-scaled-e1658235277450.jpg 1440w\" sizes=\"(max-width: 1024px) 100vw, 1024px\" \/>\t\t\t\t\t\t\t\t\t\t\t\t\t\t\t<\/div>\n\t\t\t\t<\/div>\n\t\t\t\t\t<\/div>\n\t\t<\/div>\n\t\t\t\t<div class=\"elementor-column elementor-col-66 elementor-top-column elementor-element elementor-element-ea7e953\" data-id=\"ea7e953\" data-element_type=\"column\" data-e-type=\"column\">\n\t\t\t<div class=\"elementor-widget-wrap elementor-element-populated\">\n\t\t\t\t\t\t<div class=\"elementor-element elementor-element-6752c9b elementor-widget elementor-widget-heading\" data-id=\"6752c9b\" data-element_type=\"widget\" data-e-type=\"widget\" data-widget_type=\"heading.default\">\n\t\t\t\t<div class=\"elementor-widget-container\">\n\t\t\t\t\t<h2 class=\"elementor-heading-title elementor-size-default\">Nina<\/h2>\t\t\t\t<\/div>\n\t\t\t\t<\/div>\n\t\t\t\t<div class=\"elementor-element elementor-element-75a2154 elementor-widget elementor-widget-text-editor\" data-id=\"75a2154\" data-element_type=\"widget\" data-e-type=\"widget\" data-widget_type=\"text-editor.default\">\n\t\t\t\t<div class=\"elementor-widget-container\">\n\t\t\t\t\t\t\t\t\t<p>Wenn die Frage \u201eWo haben wir denn dieses oder jenes?\u201c durchs Atelier hallt, ist Nina sofort zur Stelle. Sie beh\u00e4lt den \u00dcberblick und ist unser Organisationstalent. Egal ob Material, Dateien oder Termine Nina wei\u00df immer Bescheid.<\/p>\n<p>Hat immer Kamera\/Handy in der Hand und sorgt f\u00fcr gute Fotos &#8211; bringt Ordnung in unser Chaos &#8211; k\u00fcmmert sich um Print und Grafik &#8211; ist treibende Kraft in Sachen Instagram &#8211; Hat als einzige den \u00dcberblick in der Cloud.<\/p>\t\t\t\t\t\t\t\t<\/div>\n\t\t\t\t<\/div>\n\t\t\t\t\t<\/div>\n\t\t<\/div>\n\t\t\t\t\t<\/div>\n\t\t<\/section>\n\t\t\t\t<\/div>\n\t\t","protected":false},"excerpt":{"rendered":"<p>Das sind wir&#8230; Das sind wir: Jule Immel, Louisa Br\u00fcssermann, Nina M\u00f6llering und Leon Falke &#8211; vier Studierende im Master Architektur an der Hochschule Bremen. Louisa, Leon und Nina studieren [&hellip;]<\/p>\n","protected":false},"author":1,"featured_media":0,"parent":0,"menu_order":0,"comment_status":"closed","ping_status":"closed","template":"","meta":{"footnotes":""},"class_list":["post-115","page","type-page","status-publish","hentry","entry"],"_links":{"self":[{"href":"https:\/\/re-material.de\/index.php?rest_route=\/wp\/v2\/pages\/115","targetHints":{"allow":["GET"]}}],"collection":[{"href":"https:\/\/re-material.de\/index.php?rest_route=\/wp\/v2\/pages"}],"about":[{"href":"https:\/\/re-material.de\/index.php?rest_route=\/wp\/v2\/types\/page"}],"author":[{"embeddable":true,"href":"https:\/\/re-material.de\/index.php?rest_route=\/wp\/v2\/users\/1"}],"replies":[{"embeddable":true,"href":"https:\/\/re-material.de\/index.php?rest_route=%2Fwp%2Fv2%2Fcomments&post=115"}],"version-history":[{"count":13,"href":"https:\/\/re-material.de\/index.php?rest_route=\/wp\/v2\/pages\/115\/revisions"}],"predecessor-version":[{"id":674,"href":"https:\/\/re-material.de\/index.php?rest_route=\/wp\/v2\/pages\/115\/revisions\/674"}],"wp:attachment":[{"href":"https:\/\/re-material.de\/index.php?rest_route=%2Fwp%2Fv2%2Fmedia&parent=115"}],"curies":[{"name":"wp","href":"https:\/\/api.w.org\/{rel}","templated":true}]}}